{"id":2,"date":"2022-12-11T10:31:19","date_gmt":"2022-12-11T10:31:19","guid":{"rendered":"http:\/\/latbgestiones.com\/?page_id=2"},"modified":"2022-12-26T00:37:06","modified_gmt":"2022-12-25T23:37:06","slug":"sample-page","status":"publish","type":"page","link":"https:\/\/latbgestiones.com\/?page_id=2","title":{"rendered":"LATB GESTIONES"},"content":{"rendered":"\n<p>Somos un equipo de profesionales capacitados que ofrecemos servicios de gesti\u00f3n inmobiliaria de vanguardia.<\/p>\n\n\n\n<p>Apalancados en las tendencias mundiales en donde el acompa\u00f1amiento a los clientes  desde el inicio hasta el logro y seguimiento  a la transici\u00f3n d\u00e9 cualquier operaci\u00f3n  es una consigna y un valor fundamental .<\/p>\n\n\n\n<p>COMPROMISO, RESPETO Y HONESTIDAD , son nuestros principales valores a la hora de actuar y ofrecer nuestros servicios.<\/p>\n\n\n\n<p>Gestionamos y te apoyamos en todas las etapas  para que no tengas que dedicarle excesivo a tramites legales.<\/p>\n\n\n\n<p>Asociados a la cadena <\/p>\n\n\n<div class=\"wp-block-image\">\n<figure class=\"aligncenter size-large is-resized\"><img decoding=\"async\" loading=\"lazy\" src=\"https:\/\/latbgestiones.com\/wp-content\/uploads\/2022\/12\/Color-1-1024x1024.png\" alt=\"\" class=\"wp-image-70\" width=\"236\" height=\"236\" srcset=\"https:\/\/latbgestiones.com\/wp-content\/uploads\/2022\/12\/Color-1-1024x1024.png 1024w, https:\/\/latbgestiones.com\/wp-content\/uploads\/2022\/12\/Color-1-300x300.png 300w, https:\/\/latbgestiones.com\/wp-content\/uploads\/2022\/12\/Color-1-150x150.png 150w, https:\/\/latbgestiones.com\/wp-content\/uploads\/2022\/12\/Color-1-768x768.png 768w, https:\/\/latbgestiones.com\/wp-content\/uploads\/2022\/12\/Color-1.png 1080w\" sizes=\"(max-width: 236px) 100vw, 236px\" \/><\/figure><\/div>","protected":false},"excerpt":{"rendered":"<p>Somos un equipo de profesionales capacitados que ofrecemos servicios de gesti\u00f3n inmobiliaria de vanguardia. Apalancados en las tendencias mundiales en donde el acompa\u00f1amiento a los clientes desde el inicio hasta el logro y seguimiento a la transici\u00f3n d\u00e9 cualquier operaci\u00f3n es una consigna y un valor fundamental . COMPROMISO, RESPETO Y HONESTIDAD , son nuestros [&hellip;]<\/p>\n","protected":false},"author":1,"featured_media":0,"parent":0,"menu_order":0,"comment_status":"closed","ping_status":"open","template":"","meta":{"om_disable_all_campaigns":false},"yoast_head":"<!-- This site is optimized with the Yoast SEO plugin v19.13 - https:\/\/yoast.com\/wordpress\/plugins\/seo\/ -->\n<title>LATB GESTIONES - LATB GESTIONES<\/title>\n<meta name=\"robots\" content=\"index, follow, max-snippet:-1, max-image-preview:large, max-video-preview:-1\" \/>\n<link rel=\"canonical\" href=\"https:\/\/latbgestiones.com\/?page_id=2\" \/>\n<meta property=\"og:locale\" content=\"es_ES\" \/>\n<meta property=\"og:type\" content=\"article\" \/>\n<meta property=\"og:title\" content=\"LATB GESTIONES - LATB GESTIONES\" \/>\n<meta property=\"og:description\" content=\"Somos un equipo de profesionales capacitados que ofrecemos servicios de gesti\u00f3n inmobiliaria de vanguardia. Apalancados en las tendencias mundiales en donde el acompa\u00f1amiento a los clientes desde el inicio hasta el logro y seguimiento a la transici\u00f3n d\u00e9 cualquier operaci\u00f3n es una consigna y un valor fundamental . COMPROMISO, RESPETO Y HONESTIDAD , son nuestros [&hellip;]\" \/>\n<meta property=\"og:url\" content=\"https:\/\/latbgestiones.com\/?page_id=2\" \/>\n<meta property=\"og:site_name\" content=\"LATB GESTIONES\" \/>\n<meta property=\"article:modified_time\" content=\"2022-12-25T23:37:06+00:00\" \/>\n<meta property=\"og:image\" content=\"http:\/\/latbgestiones.com\/wp-content\/uploads\/2022\/12\/Color-1-1024x1024.png\" \/>\n<meta name=\"twitter:card\" content=\"summary_large_image\" \/>\n<meta name=\"twitter:label1\" content=\"Tiempo de lectura\" \/>\n\t<meta name=\"twitter:data1\" content=\"1 minuto\" \/>\n<script type=\"application\/ld+json\" class=\"yoast-schema-graph\">{\"@context\":\"https:\/\/schema.org\",\"@graph\":[{\"@type\":\"WebPage\",\"@id\":\"https:\/\/latbgestiones.com\/?page_id=2\",\"url\":\"https:\/\/latbgestiones.com\/?page_id=2\",\"name\":\"LATB GESTIONES - LATB GESTIONES\",\"isPartOf\":{\"@id\":\"https:\/\/latbgestiones.com\/#website\"},\"datePublished\":\"2022-12-11T10:31:19+00:00\",\"dateModified\":\"2022-12-25T23:37:06+00:00\",\"breadcrumb\":{\"@id\":\"https:\/\/latbgestiones.com\/?page_id=2#breadcrumb\"},\"inLanguage\":\"es\",\"potentialAction\":[{\"@type\":\"ReadAction\",\"target\":[\"https:\/\/latbgestiones.com\/?page_id=2\"]}]},{\"@type\":\"BreadcrumbList\",\"@id\":\"https:\/\/latbgestiones.com\/?page_id=2#breadcrumb\",\"itemListElement\":[{\"@type\":\"ListItem\",\"position\":1,\"name\":\"Portada\",\"item\":\"https:\/\/latbgestiones.com\/\"},{\"@type\":\"ListItem\",\"position\":2,\"name\":\"LATB GESTIONES\"}]},{\"@type\":\"WebSite\",\"@id\":\"https:\/\/latbgestiones.com\/#website\",\"url\":\"https:\/\/latbgestiones.com\/\",\"name\":\"LATB GESTIONES\",\"description\":\"Gesti\u00f3n eficaz de inmuebles\",\"potentialAction\":[{\"@type\":\"SearchAction\",\"target\":{\"@type\":\"EntryPoint\",\"urlTemplate\":\"https:\/\/latbgestiones.com\/?s={search_term_string}\"},\"query-input\":\"required name=search_term_string\"}],\"inLanguage\":\"es\"}]}<\/script>\n<!-- \/ Yoast SEO plugin. -->","yoast_head_json":{"title":"LATB GESTIONES - LATB GESTIONES","robots":{"index":"index","follow":"follow","max-snippet":"max-snippet:-1","max-image-preview":"max-image-preview:large","max-video-preview":"max-video-preview:-1"},"canonical":"https:\/\/latbgestiones.com\/?page_id=2","og_locale":"es_ES","og_type":"article","og_title":"LATB GESTIONES - LATB GESTIONES","og_description":"Somos un equipo de profesionales capacitados que ofrecemos servicios de gesti\u00f3n inmobiliaria de vanguardia. Apalancados en las tendencias mundiales en donde el acompa\u00f1amiento a los clientes desde el inicio hasta el logro y seguimiento a la transici\u00f3n d\u00e9 cualquier operaci\u00f3n es una consigna y un valor fundamental . COMPROMISO, RESPETO Y HONESTIDAD , son nuestros [&hellip;]","og_url":"https:\/\/latbgestiones.com\/?page_id=2","og_site_name":"LATB GESTIONES","article_modified_time":"2022-12-25T23:37:06+00:00","og_image":[{"url":"http:\/\/latbgestiones.com\/wp-content\/uploads\/2022\/12\/Color-1-1024x1024.png"}],"twitter_card":"summary_large_image","twitter_misc":{"Tiempo de lectura":"1 minuto"},"schema":{"@context":"https:\/\/schema.org","@graph":[{"@type":"WebPage","@id":"https:\/\/latbgestiones.com\/?page_id=2","url":"https:\/\/latbgestiones.com\/?page_id=2","name":"LATB GESTIONES - LATB GESTIONES","isPartOf":{"@id":"https:\/\/latbgestiones.com\/#website"},"datePublished":"2022-12-11T10:31:19+00:00","dateModified":"2022-12-25T23:37:06+00:00","breadcrumb":{"@id":"https:\/\/latbgestiones.com\/?page_id=2#breadcrumb"},"inLanguage":"es","potentialAction":[{"@type":"ReadAction","target":["https:\/\/latbgestiones.com\/?page_id=2"]}]},{"@type":"BreadcrumbList","@id":"https:\/\/latbgestiones.com\/?page_id=2#breadcrumb","itemListElement":[{"@type":"ListItem","position":1,"name":"Portada","item":"https:\/\/latbgestiones.com\/"},{"@type":"ListItem","position":2,"name":"LATB GESTIONES"}]},{"@type":"WebSite","@id":"https:\/\/latbgestiones.com\/#website","url":"https:\/\/latbgestiones.com\/","name":"LATB GESTIONES","description":"Gesti\u00f3n eficaz de inmuebles","potentialAction":[{"@type":"SearchAction","target":{"@type":"EntryPoint","urlTemplate":"https:\/\/latbgestiones.com\/?s={search_term_string}"},"query-input":"required name=search_term_string"}],"inLanguage":"es"}]}},"_links":{"self":[{"href":"https:\/\/latbgestiones.com\/index.php?rest_route=\/wp\/v2\/pages\/2"}],"collection":[{"href":"https:\/\/latbgestiones.com\/index.php?rest_route=\/wp\/v2\/pages"}],"about":[{"href":"https:\/\/latbgestiones.com\/index.php?rest_route=\/wp\/v2\/types\/page"}],"author":[{"embeddable":true,"href":"https:\/\/latbgestiones.com\/index.php?rest_route=\/wp\/v2\/users\/1"}],"replies":[{"embeddable":true,"href":"https:\/\/latbgestiones.com\/index.php?rest_route=%2Fwp%2Fv2%2Fcomments&post=2"}],"version-history":[{"count":2,"href":"https:\/\/latbgestiones.com\/index.php?rest_route=\/wp\/v2\/pages\/2\/revisions"}],"predecessor-version":[{"id":71,"href":"https:\/\/latbgestiones.com\/index.php?rest_route=\/wp\/v2\/pages\/2\/revisions\/71"}],"wp:attachment":[{"href":"https:\/\/latbgestiones.com\/index.php?rest_route=%2Fwp%2Fv2%2Fmedia&parent=2"}],"curies":[{"name":"wp","href":"https:\/\/api.w.org\/{rel}","templated":true}]}}